
{"id":239,"date":"2025-05-15T14:53:27","date_gmt":"2025-05-15T20:53:27","guid":{"rendered":"https:\/\/viviendabienestar.gob.mx\/?page_id=239"},"modified":"2026-01-29T17:59:26","modified_gmt":"2026-01-29T23:59:26","slug":"normatividad","status":"publish","type":"page","link":"https:\/\/viviendabienestar.gob.mx\/?page_id=239","title":{"rendered":"Normatividad"},"content":{"rendered":"\t\t<div data-elementor-type=\"wp-page\" data-elementor-id=\"239\" class=\"elementor elementor-239\">\n\t\t\t\t<div class=\"elementor-element elementor-element-71c1c32 e-flex e-con-boxed e-con e-parent\" data-id=\"71c1c32\" data-element_type=\"container\" data-e-type=\"container\">\n\t\t\t\t\t<div class=\"e-con-inner\">\n\t\t\t\t\t<\/div>\n\t\t\t\t<\/div>\n\t\t<div class=\"elementor-element elementor-element-1c2850d e-flex e-con-boxed e-con e-parent\" data-id=\"1c2850d\" data-element_type=\"container\" data-e-type=\"container\">\n\t\t\t\t\t<div class=\"e-con-inner\">\n\t\t\t\t<div class=\"elementor-element elementor-element-a292737 elementor-widget elementor-widget-spacer\" data-id=\"a292737\" data-element_type=\"widget\" data-e-type=\"widget\" data-widget_type=\"spacer.default\">\n\t\t\t\t<div class=\"elementor-widget-container\">\n\t\t\t\t\t\t\t<div class=\"elementor-spacer\">\n\t\t\t<div class=\"elementor-spacer-inner\"><\/div>\n\t\t<\/div>\n\t\t\t\t\t\t<\/div>\n\t\t\t\t<\/div>\n\t\t\t\t\t<\/div>\n\t\t\t\t<\/div>\n\t\t<div class=\"elementor-element elementor-element-d1242eb e-flex e-con-boxed e-con e-parent\" data-id=\"d1242eb\" data-element_type=\"container\" data-e-type=\"container\" data-settings=\"{&quot;background_background&quot;:&quot;classic&quot;}\">\n\t\t\t\t\t<div class=\"e-con-inner\">\n\t\t\t\t<div class=\"elementor-element elementor-element-00fbc38 elementor-widget elementor-widget-heading\" data-id=\"00fbc38\" data-element_type=\"widget\" data-e-type=\"widget\" data-widget_type=\"heading.default\">\n\t\t\t\t<div class=\"elementor-widget-container\">\n\t\t\t\t\t<h1 class=\"elementor-heading-title elementor-size-default\">Marco Normativo<\/h1>\t\t\t\t<\/div>\n\t\t\t\t<\/div>\n\t\t\t\t<div class=\"elementor-element elementor-element-0e83323 elementor-widget elementor-widget-text-editor\" data-id=\"0e83323\" data-element_type=\"widget\" data-e-type=\"widget\" data-widget_type=\"text-editor.default\">\n\t\t\t\t<div class=\"elementor-widget-container\">\n\t\t\t\t\t\t\t\t\t<ol><li><span style=\"font-weight: 400;\"><span style=\"color: #ffffff;\"><a style=\"color: #ffffff;\" href=\"https:\/\/viviendabienestar.gob.mx\/wp-content\/uploads\/2025\/08\/CONVENIO-FIRMADO-ONAVIS_.pdf\" target=\"_blank\" rel=\"noopener\">Leyes, convenios y reglamentos que sustentan el programa.<\/a><\/span><span style=\"color: #ffffff;\"><a style=\"color: #ffffff;\" href=\"https:\/\/viviendabienestar.gob.mx\/wp-content\/uploads\/2025\/08\/CONVENIO-FIRMADO-ONAVIS_.pdf\" target=\"_blank\" rel=\"noopener\"><br \/>* Convenio Marco de Colaboraci\u00f3n Interinstitucional para el Dise\u00f1o y Ejecuci\u00f3n de la Pol\u00edtica Nacional de Vivienda.<\/a><\/span><\/span><\/li><\/ol>\t\t\t\t\t\t\t\t<\/div>\n\t\t\t\t<\/div>\n\t\t\t\t\t<\/div>\n\t\t\t\t<\/div>\n\t\t<div class=\"elementor-element elementor-element-a4bf8b1 e-flex e-con-boxed e-con e-parent\" data-id=\"a4bf8b1\" data-element_type=\"container\" data-e-type=\"container\">\n\t\t\t\t\t<div class=\"e-con-inner\">\n\t\t\t\t<div class=\"elementor-element elementor-element-ca118fc elementor-widget elementor-widget-heading\" data-id=\"ca118fc\" data-element_type=\"widget\" data-e-type=\"widget\" data-widget_type=\"heading.default\">\n\t\t\t\t<div class=\"elementor-widget-container\">\n\t\t\t\t\t<h1 class=\"elementor-heading-title elementor-size-default\">Reglas de Operaci\u00f3n<\/h1>\t\t\t\t<\/div>\n\t\t\t\t<\/div>\n\t\t\t\t<div class=\"elementor-element elementor-element-57aca29 elementor-widget elementor-widget-text-editor\" data-id=\"57aca29\" data-element_type=\"widget\" data-e-type=\"widget\" data-widget_type=\"text-editor.default\">\n\t\t\t\t<div class=\"elementor-widget-container\">\n\t\t\t\t\t\t\t\t\t<ol><li><span style=\"color: #000000;\"><a style=\"color: #000000;\" href=\"https:\/\/viviendabienestar.gob.mx\/wp-content\/uploads\/2025\/05\/Anexo_del_Acuerdo_del_Programa_de_Vivienda_Social.pdf\" target=\"_blank\" rel=\"noopener\">Reglas de operaci\u00f3n del programa de vivienda social para el ejercicio fiscal 2025.<\/a><\/span><\/li><\/ol>\t\t\t\t\t\t\t\t<\/div>\n\t\t\t\t<\/div>\n\t\t\t\t\t<\/div>\n\t\t\t\t<\/div>\n\t\t<div class=\"elementor-element elementor-element-cb65297 e-flex e-con-boxed e-con e-parent\" data-id=\"cb65297\" data-element_type=\"container\" data-e-type=\"container\" data-settings=\"{&quot;background_background&quot;:&quot;classic&quot;}\">\n\t\t\t\t\t<div class=\"e-con-inner\">\n\t\t\t\t<div class=\"elementor-element elementor-element-4f17dfa elementor-widget elementor-widget-heading\" data-id=\"4f17dfa\" data-element_type=\"widget\" data-e-type=\"widget\" data-widget_type=\"heading.default\">\n\t\t\t\t<div class=\"elementor-widget-container\">\n\t\t\t\t\t<h1 class=\"elementor-heading-title elementor-size-default\">Anexo T\u00e9cnico<\/h1>\t\t\t\t<\/div>\n\t\t\t\t<\/div>\n\t\t\t\t<div class=\"elementor-element elementor-element-1115cf2 elementor-widget elementor-widget-text-editor\" data-id=\"1115cf2\" data-element_type=\"widget\" data-e-type=\"widget\" data-widget_type=\"text-editor.default\">\n\t\t\t\t<div class=\"elementor-widget-container\">\n\t\t\t\t\t\t\t\t\t<ol><li><span style=\"font-weight: 400;\">Especificaciones t\u00e9cnicas que establecen los lineamientos del programa. <\/span><i><span style=\"font-weight: 400;\">\u201cPr\u00f3ximamente\u201d<\/span><\/i><\/li><\/ol>\t\t\t\t\t\t\t\t<\/div>\n\t\t\t\t<\/div>\n\t\t\t\t\t<\/div>\n\t\t\t\t<\/div>\n\t\t<div class=\"elementor-element elementor-element-3251a1b e-flex e-con-boxed e-con e-parent\" data-id=\"3251a1b\" data-element_type=\"container\" data-e-type=\"container\">\n\t\t\t\t\t<div class=\"e-con-inner\">\n\t\t\t\t<div class=\"elementor-element elementor-element-980c948 elementor-widget elementor-widget-heading\" data-id=\"980c948\" data-element_type=\"widget\" data-e-type=\"widget\" data-widget_type=\"heading.default\">\n\t\t\t\t<div class=\"elementor-widget-container\">\n\t\t\t\t\t<h1 class=\"elementor-heading-title elementor-size-default\">Lineamientos para Escrituraci\u00f3n<\/h1>\t\t\t\t<\/div>\n\t\t\t\t<\/div>\n\t\t\t\t<div class=\"elementor-element elementor-element-48dfcfc elementor-widget elementor-widget-text-editor\" data-id=\"48dfcfc\" data-element_type=\"widget\" data-e-type=\"widget\" data-widget_type=\"text-editor.default\">\n\t\t\t\t<div class=\"elementor-widget-container\">\n\t\t\t\t\t\t\t\t\t<ol><li><span style=\"font-weight: 400;\">Procedimiento para la regularizaci\u00f3n de suelo. <\/span><i><span style=\"font-weight: 400;\">\u201cPr\u00f3ximamente\u201d<\/span><\/i><\/li><\/ol>\t\t\t\t\t\t\t\t<\/div>\n\t\t\t\t<\/div>\n\t\t\t\t\t<\/div>\n\t\t\t\t<\/div>\n\t\t<div class=\"elementor-element elementor-element-e9df9b4 e-flex e-con-boxed e-con e-parent\" data-id=\"e9df9b4\" data-element_type=\"container\" data-e-type=\"container\" data-settings=\"{&quot;background_background&quot;:&quot;classic&quot;}\">\n\t\t\t\t\t<div class=\"e-con-inner\">\n\t\t\t\t<div class=\"elementor-element elementor-element-8d43467 elementor-widget elementor-widget-heading\" data-id=\"8d43467\" data-element_type=\"widget\" data-e-type=\"widget\" data-widget_type=\"heading.default\">\n\t\t\t\t<div class=\"elementor-widget-container\">\n\t\t\t\t\t<h1 class=\"elementor-heading-title elementor-size-default\">Convenios de Colaboraci\u00f3n<\/h1>\t\t\t\t<\/div>\n\t\t\t\t<\/div>\n\t\t\t\t<div class=\"elementor-element elementor-element-fdd7013 elementor-widget elementor-widget-text-editor\" data-id=\"fdd7013\" data-element_type=\"widget\" data-e-type=\"widget\" data-widget_type=\"text-editor.default\">\n\t\t\t\t<div class=\"elementor-widget-container\">\n\t\t\t\t\t\t\t\t\t<ol><li><a style=\"color: #ffffff;\" href=\"https:\/\/viviendabienestar.gob.mx\/wp-content\/uploads\/2025\/07\/AGUASCALIENTES.pdf\" target=\"_blank\" rel=\"noopener\">Aguascalientes<\/a><\/li><li><a style=\"color: #ffffff;\" href=\"https:\/\/viviendabienestar.gob.mx\/wp-content\/uploads\/2025\/05\/BAJA-CALIFORNIA-SUR.pdf\" target=\"_blank\" rel=\"noopener\">Baja California Sur<\/a><\/li><li><a style=\"color: #ffffff;\" href=\"https:\/\/viviendabienestar.gob.mx\/wp-content\/uploads\/2025\/07\/BAJA-CALIFORNIA.pdf\" target=\"_blank\" rel=\"noopener\">Baja California<\/a><\/li><li><a style=\"color: #ffffff;\" href=\"https:\/\/viviendabienestar.gob.mx\/wp-content\/uploads\/2025\/05\/CAMPECHE.pdf\" target=\"_blank\" rel=\"noopener\">Campeche<\/a><\/li><li><a style=\"color: #ffffff;\" href=\"https:\/\/viviendabienestar.gob.mx\/wp-content\/uploads\/2025\/09\/CVB_CHIAPAS.pdf\" target=\"_blank\" rel=\"noopener\">Chiapas<\/a><\/li><li><a style=\"color: #ffffff;\" href=\"https:\/\/viviendabienestar.gob.mx\/wp-content\/uploads\/2025\/08\/CHIHUAHUA_.pdf\" target=\"_blank\" rel=\"noopener\">Chihuahua<\/a><\/li><li><a style=\"color: #ffffff;\" href=\"https:\/\/viviendabienestar.gob.mx\/wp-content\/uploads\/2025\/08\/CIUDAD-DE-MEXICO_.pdf\" target=\"_blank\" rel=\"noopener\">Ciudad de M\u00e9xico<\/a><\/li><li><a style=\"color: #ffffff;\" href=\"https:\/\/viviendabienestar.gob.mx\/wp-content\/uploads\/2025\/08\/COAHUILA_.pdf\" target=\"_blank\" rel=\"noopener\">Coahuila<\/a><\/li><li><a style=\"color: #ffffff;\" href=\"https:\/\/viviendabienestar.gob.mx\/wp-content\/uploads\/2025\/07\/COLIMA.pdf\" target=\"_blank\" rel=\"noopener\">Colima<\/a><\/li><li><a style=\"color: #ffffff;\" href=\"https:\/\/viviendabienestar.gob.mx\/wp-content\/uploads\/2025\/07\/DURANGO.pdf\" target=\"_blank\" rel=\"noopener\">Durango<\/a><\/li><li><a style=\"color: #ffffff;\" href=\"https:\/\/viviendabienestar.gob.mx\/wp-content\/uploads\/2025\/07\/GUANAJUATO.pdf\" target=\"_blank\" rel=\"noopener\">Guanajuato<\/a><\/li><li><a style=\"color: #ffffff;\" href=\"https:\/\/viviendabienestar.gob.mx\/wp-content\/uploads\/2026\/01\/CVB_GUERRERO.pdf\" target=\"_blank\" rel=\"noopener\">Guerrero<\/a><\/li><li><a style=\"color: #ffffff;\" href=\"https:\/\/viviendabienestar.gob.mx\/wp-content\/uploads\/2025\/07\/HIDALGO.pdf\" target=\"_blank\" rel=\"noopener\">Hidalgo<\/a><\/li><li><a style=\"color: #ffffff;\" href=\"https:\/\/viviendabienestar.gob.mx\/wp-content\/uploads\/2025\/05\/JALISCO.pdf\" target=\"_blank\" rel=\"noopener\">Jalisco<\/a><\/li><li><a style=\"color: #ffffff;\" href=\"https:\/\/viviendabienestar.gob.mx\/wp-content\/uploads\/2025\/07\/ESTADO-DE-MEXICO.pdf\" target=\"_blank\" rel=\"noopener\">Estado de M\u00e9xico<\/a><\/li><li><a style=\"color: #ffffff;\" href=\"https:\/\/viviendabienestar.gob.mx\/wp-content\/uploads\/2025\/05\/MICHOACAN.pdf\" target=\"_blank\" rel=\"noopener\">Michoac\u00e1n<\/a><\/li><li><a style=\"color: #ffffff;\" href=\"https:\/\/viviendabienestar.gob.mx\/wp-content\/uploads\/2025\/05\/MORELOS.pdf\" target=\"_blank\" rel=\"noopener\">Morelos<\/a><\/li><li><a style=\"color: #ffffff;\" href=\"https:\/\/viviendabienestar.gob.mx\/wp-content\/uploads\/2025\/05\/NAYARIT.pdf\" target=\"_blank\" rel=\"noopener\">Nayarit<\/a><\/li><li><a style=\"color: #ffffff;\" href=\"https:\/\/viviendabienestar.gob.mx\/wp-content\/uploads\/2025\/05\/NUEVO-LEON.pdf\" target=\"_blank\" rel=\"noopener\">Nuevo Le\u00f3n<\/a><\/li><li><a style=\"color: #ffffff;\" href=\"https:\/\/viviendabienestar.gob.mx\/wp-content\/uploads\/2025\/05\/OAXACA.pdf\" target=\"_blank\" rel=\"noopener\">Oaxaca<\/a><\/li><li><a style=\"color: #ffffff;\" href=\"https:\/\/viviendabienestar.gob.mx\/wp-content\/uploads\/2025\/05\/PUEBLA.pdf\" target=\"_blank\" rel=\"noopener\">Puebla<\/a><\/li><li><a style=\"color: #ffffff;\" href=\"https:\/\/viviendabienestar.gob.mx\/wp-content\/uploads\/2025\/05\/QUERETARO.pdf\" target=\"_blank\" rel=\"noopener\">Quer\u00e9taro<\/a><\/li><li><a style=\"color: #ffffff;\" href=\"https:\/\/viviendabienestar.gob.mx\/wp-content\/uploads\/2025\/05\/QUINTANA-ROO.pdf\" target=\"_blank\" rel=\"noopener\">Quintana Roo<\/a><\/li><li><a style=\"color: #ffffff;\" href=\"https:\/\/viviendabienestar.gob.mx\/wp-content\/uploads\/2026\/01\/CVB_SAN_LUIS_POTOSI.pdf\" target=\"_blank\" rel=\"noopener\">San Luis Potos\u00ed<\/a><\/li><li><a style=\"color: #ffffff;\" href=\"https:\/\/viviendabienestar.gob.mx\/wp-content\/uploads\/2025\/08\/SINALOA_.pdf\" target=\"_blank\" rel=\"noopener\">Sinaloa<\/a><\/li><li><a style=\"color: #ffffff;\" href=\"https:\/\/viviendabienestar.gob.mx\/wp-content\/uploads\/2025\/05\/SONORA.pdf\" target=\"_blank\" rel=\"noopener\">Sonora<\/a><\/li><li><a style=\"color: #ffffff;\" href=\"https:\/\/viviendabienestar.gob.mx\/wp-content\/uploads\/2025\/05\/TABASCO.pdf\" target=\"_blank\" rel=\"noopener\">Tabasco<\/a><\/li><li><a style=\"color: #ffffff;\" href=\"https:\/\/viviendabienestar.gob.mx\/wp-content\/uploads\/2025\/07\/TAMAULIPAS.pdf\" target=\"_blank\" rel=\"noopener\">Tamaulipas<\/a><\/li><li><a style=\"color: #ffffff;\" href=\"https:\/\/viviendabienestar.gob.mx\/wp-content\/uploads\/2025\/05\/TLAXCALA.pdf\" target=\"_blank\" rel=\"noopener\">Tlaxcala<\/a><\/li><li><a style=\"color: #ffffff;\" href=\"https:\/\/viviendabienestar.gob.mx\/wp-content\/uploads\/2025\/07\/VERACRUZ.pdf\" target=\"_blank\" rel=\"noopener\">Veracruz<\/a><\/li><li><a style=\"color: #ffffff;\" href=\"https:\/\/viviendabienestar.gob.mx\/wp-content\/uploads\/2025\/07\/YUCATAN-1.pdf\" target=\"_blank\" rel=\"noopener\">Yucat\u00e1n<\/a><\/li><li><a style=\"color: #ffffff;\" href=\"https:\/\/viviendabienestar.gob.mx\/wp-content\/uploads\/2025\/05\/ZACATECAS.pdf\" target=\"_blank\" rel=\"noopener\">Zacatecas<\/a><\/li><\/ol>\t\t\t\t\t\t\t\t<\/div>\n\t\t\t\t<\/div>\n\t\t\t\t\t<\/div>\n\t\t\t\t<\/div>\n\t\t<div class=\"elementor-element elementor-element-2f87f8b e-flex e-con-boxed e-con e-parent\" data-id=\"2f87f8b\" data-element_type=\"container\" data-e-type=\"container\">\n\t\t\t\t\t<div class=\"e-con-inner\">\n\t\t\t\t<div class=\"elementor-element elementor-element-4439b0e elementor-widget elementor-widget-heading\" data-id=\"4439b0e\" data-element_type=\"widget\" data-e-type=\"widget\" data-widget_type=\"heading.default\">\n\t\t\t\t<div class=\"elementor-widget-container\">\n\t\t\t\t\t<h1 class=\"elementor-heading-title elementor-size-default\">Informe de Transparencia<\/h1>\t\t\t\t<\/div>\n\t\t\t\t<\/div>\n\t\t\t\t<div class=\"elementor-element elementor-element-7ae7c02 elementor-widget elementor-widget-text-editor\" data-id=\"7ae7c02\" data-element_type=\"widget\" data-e-type=\"widget\" data-widget_type=\"text-editor.default\">\n\t\t\t\t<div class=\"elementor-widget-container\">\n\t\t\t\t\t\t\t\t\t<ol><li><span style=\"font-weight: 400;\">Reporte de avances y ejercicio de recursos. <\/span><i><span style=\"font-weight: 400;\">\u201cPr\u00f3ximamente\u201d<\/span><\/i><\/li><\/ol>\t\t\t\t\t\t\t\t<\/div>\n\t\t\t\t<\/div>\n\t\t\t\t\t<\/div>\n\t\t\t\t<\/div>\n\t\t\t\t<\/div>\n\t\t","protected":false},"excerpt":{"rendered":"<p>Marco Normativo Leyes, convenios y reglamentos que sustentan el programa.* Convenio Marco de Colaboraci\u00f3n Interinstitucional para el Dise\u00f1o y Ejecuci\u00f3n [&hellip;]<\/p>\n","protected":false},"author":7,"featured_media":0,"parent":0,"menu_order":0,"comment_status":"closed","ping_status":"closed","template":"elementor_header_footer","meta":{"site-sidebar-layout":"default","site-content-layout":"","ast-site-content-layout":"default","site-content-style":"default","site-sidebar-style":"default","ast-global-header-display":"","ast-banner-title-visibility":"","ast-main-header-display":"","ast-hfb-above-header-display":"","ast-hfb-below-header-display":"","ast-hfb-mobile-header-display":"","site-post-title":"disabled","ast-breadcrumbs-content":"","ast-featured-img":"","footer-sml-layout":"","ast-disable-related-posts":"","theme-transparent-header-meta":"","adv-header-id-meta":"","stick-header-meta":"","header-above-stick-meta":"","header-main-stick-meta":"","header-below-stick-meta":"","astra-migrate-meta-layouts":"default","ast-page-background-enabled":"default","ast-page-background-meta":{"desktop":{"background-color":"var(--ast-global-color-5)","background-image":"","background-repeat":"repeat","background-position":"center center","background-size":"auto","background-attachment":"scroll","background-type":"","background-media":"","overlay-type":"","overlay-color":"","overlay-opacity":"","overlay-gradient":""},"tablet":{"background-color":"","background-image":"","background-repeat":"repeat","background-position":"center center","background-size":"auto","background-attachment":"scroll","background-type":"","background-media":"","overlay-type":"","overlay-color":"","overlay-opacity":"","overlay-gradient":""},"mobile":{"background-color":"","background-image":"","background-repeat":"repeat","background-position":"center center","background-size":"auto","background-attachment":"scroll","background-type":"","background-media":"","overlay-type":"","overlay-color":"","overlay-opacity":"","overlay-gradient":""}},"ast-content-background-meta":{"desktop":{"background-color":"var(--ast-global-color-4)","background-image":"","background-repeat":"repeat","background-position":"center center","background-size":"auto","background-attachment":"scroll","background-type":"","background-media":"","overlay-type":"","overlay-color":"","overlay-opacity":"","overlay-gradient":""},"tablet":{"background-color":"var(--ast-global-color-4)","background-image":"","background-repeat":"repeat","background-position":"center center","background-size":"auto","background-attachment":"scroll","background-type":"","background-media":"","overlay-type":"","overlay-color":"","overlay-opacity":"","overlay-gradient":""},"mobile":{"background-color":"var(--ast-global-color-4)","background-image":"","background-repeat":"repeat","background-position":"center center","background-size":"auto","background-attachment":"scroll","background-type":"","background-media":"","overlay-type":"","overlay-color":"","overlay-opacity":"","overlay-gradient":""}},"footnotes":""},"class_list":["post-239","page","type-page","status-publish","hentry"],"_links":{"self":[{"href":"https:\/\/viviendabienestar.gob.mx\/index.php?rest_route=\/wp\/v2\/pages\/239","targetHints":{"allow":["GET"]}}],"collection":[{"href":"https:\/\/viviendabienestar.gob.mx\/index.php?rest_route=\/wp\/v2\/pages"}],"about":[{"href":"https:\/\/viviendabienestar.gob.mx\/index.php?rest_route=\/wp\/v2\/types\/page"}],"author":[{"embeddable":true,"href":"https:\/\/viviendabienestar.gob.mx\/index.php?rest_route=\/wp\/v2\/users\/7"}],"replies":[{"embeddable":true,"href":"https:\/\/viviendabienestar.gob.mx\/index.php?rest_route=%2Fwp%2Fv2%2Fcomments&post=239"}],"version-history":[{"count":181,"href":"https:\/\/viviendabienestar.gob.mx\/index.php?rest_route=\/wp\/v2\/pages\/239\/revisions"}],"predecessor-version":[{"id":1384,"href":"https:\/\/viviendabienestar.gob.mx\/index.php?rest_route=\/wp\/v2\/pages\/239\/revisions\/1384"}],"wp:attachment":[{"href":"https:\/\/viviendabienestar.gob.mx\/index.php?rest_route=%2Fwp%2Fv2%2Fmedia&parent=239"}],"curies":[{"name":"wp","href":"https:\/\/api.w.org\/{rel}","templated":true}]}}